{"id":693,"date":"2023-05-29T12:55:36","date_gmt":"2023-05-29T10:55:36","guid":{"rendered":"https:\/\/www.centremedicestartit.com\/?page_id=693"},"modified":"2023-05-29T12:55:36","modified_gmt":"2023-05-29T10:55:36","slug":"declaration-daccessibilite","status":"publish","type":"page","link":"https:\/\/www.centremedicestartit.com\/fr\/declaration-daccessibilite\/","title":{"rendered":"D\u00e9claration d&rsquo;accessibilit\u00e9"},"content":{"rendered":"<h1>D\u00e9claration d&rsquo;accessibilit\u00e9<\/h1>\n<p>Ferran Gil-Vernet M-G<\/p>\n<p>s&rsquo;engage \u00e0 rendre son site Web accessible conform\u00e9ment au <a href=\"https:\/\/www.boe.es\/eli\/es\/rd\/2018\/09\/07\/1112\">d\u00e9cret royal 1112\/2018<\/a> du 7 septembre sur l&rsquo;accessibilit\u00e9 des sites Web et des applications pour appareils mobiles du secteur public.<\/p>\n<p>Cette d\u00e9claration d&rsquo;accessibilit\u00e9 s&rsquo;applique \u00e0 ce site Web.<\/p>\n<h2>\u00c9tat de conformit\u00e9<\/h2>\n<p>Ce site est enti\u00e8rement conforme au RD 1112\/2018.<\/p>\n<h2>Contenu non accessible<\/h2>\n<p>Le contenu r\u00e9pertori\u00e9 ci-dessous n&rsquo;est pas accessible pour les raisons suivantes\u00a0:<\/p>\n<p><strong>Non-respect du RD 1112\/2018<\/strong><\/p>\n<p>Une imbrication incorrecte des balises peut toujours \u00eatre d\u00e9tect\u00e9e.<\/p>\n<p>Il pourrait y avoir des erreurs d&rsquo;\u00e9dition occasionnelles sur le site Web.<\/p>\n<p><strong>fardeau disproportionn\u00e9<\/strong><\/p>\n<p>Ne s&rsquo;applique pas.<\/p>\n<h2>Pr\u00e9paration de cette d\u00e9claration d&rsquo;accessibilit\u00e9<\/h2>\n<p>Cette d\u00e9claration a \u00e9t\u00e9 pr\u00e9par\u00e9e le 5 mai 2023.<\/p>\n<p>La m\u00e9thode utilis\u00e9e pour pr\u00e9parer la d\u00e9claration a \u00e9t\u00e9 une auto-\u00e9valuation effectu\u00e9e par l&rsquo;entreprise elle-m\u00eame.<\/p>\n<h2>Observations et coordonn\u00e9es<\/h2>\n<p>Vous pouvez faire des communications sur les exigences d&rsquo;accessibilit\u00e9 (article 10.2.a) du RD 1112\/2018) telles que\u00a0:<\/p>\n<p>&nbsp;<\/p>\n<ul>\n<li>Signaler toute violation possible par ce site Web.<\/li>\n<li>Transmettre d&rsquo;autres difficult\u00e9s d&rsquo;acc\u00e8s au contenu.<\/li>\n<li>Formuler toute autre requ\u00eate ou suggestion d&rsquo;am\u00e9lioration li\u00e9e \u00e0 l&rsquo;accessibilit\u00e9 du site Web.<\/li>\n<\/ul>\n<p>Via notre formulaire de contact, par t\u00e9l\u00e9phone ou en personne \u00e0 notre si\u00e8ge social.<\/p>\n<p>Les communications, les plaintes et les demandes d&rsquo;informations accessibles seront re\u00e7ues et trait\u00e9es par notre \u00e9quipe.<\/p>\n","protected":false},"excerpt":{"rendered":"<p>D\u00e9claration d&rsquo;accessibilit\u00e9 Ferran Gil-Vernet M-G s&rsquo;engage \u00e0 rendre son site Web accessible conform\u00e9ment au d\u00e9cret royal 1112\/2018 du 7 septembre sur l&rsquo;accessibilit\u00e9 des sites Web et des applications pour appareils mobiles du secteur public. Cette d\u00e9claration d&rsquo;accessibilit\u00e9 s&rsquo;applique \u00e0 ce site Web. \u00c9tat de conformit\u00e9 Ce site est enti\u00e8rement conforme au RD 1112\/2018. Contenu non [&hellip;]<\/p>\n","protected":false},"author":3,"featured_media":0,"parent":0,"menu_order":0,"comment_status":"closed","ping_status":"closed","template":"","meta":{"footnotes":""},"class_list":["post-693","page","type-page","status-publish","hentry"],"yoast_head":"<!-- This site is optimized with the Yoast SEO plugin v26.8 - https:\/\/yoast.com\/product\/yoast-seo-wordpress\/ -->\n<title>D\u00e9claration d&#039;accessibilit\u00e9 | Centre M\u00e8dic Estartit<\/title>\n<meta name=\"robots\" content=\"index, follow, max-snippet:-1, max-image-preview:large, max-video-preview:-1\" \/>\n<link rel=\"canonical\" href=\"https:\/\/www.centremedicestartit.com\/fr\/declaration-daccessibilite\/\" \/>\n<meta property=\"og:locale\" content=\"fr_FR\" \/>\n<meta property=\"og:type\" content=\"article\" \/>\n<meta property=\"og:title\" content=\"D\u00e9claration d&#039;accessibilit\u00e9 | Centre M\u00e8dic Estartit\" \/>\n<meta property=\"og:description\" content=\"D\u00e9claration d&rsquo;accessibilit\u00e9 Ferran Gil-Vernet M-G s&rsquo;engage \u00e0 rendre son site Web accessible conform\u00e9ment au d\u00e9cret royal 1112\/2018 du 7 septembre sur l&rsquo;accessibilit\u00e9 des sites Web et des applications pour appareils mobiles du secteur public. Cette d\u00e9claration d&rsquo;accessibilit\u00e9 s&rsquo;applique \u00e0 ce site Web. \u00c9tat de conformit\u00e9 Ce site est enti\u00e8rement conforme au RD 1112\/2018. Contenu non [&hellip;]\" \/>\n<meta property=\"og:url\" content=\"https:\/\/www.centremedicestartit.com\/fr\/declaration-daccessibilite\/\" \/>\n<meta property=\"og:site_name\" content=\"Centre M\u00e8dic Estartit\" \/>\n<meta property=\"og:image\" content=\"https:\/\/www.centremedicestartit.com\/wp-content\/uploads\/2023\/04\/logo-1.png\" \/>\n\t<meta property=\"og:image:width\" content=\"680\" \/>\n\t<meta property=\"og:image:height\" content=\"312\" \/>\n\t<meta property=\"og:image:type\" content=\"image\/png\" \/>\n<meta name=\"twitter:card\" content=\"summary_large_image\" \/>\n<script type=\"application\/ld+json\" class=\"yoast-schema-graph\">{\"@context\":\"https:\/\/schema.org\",\"@graph\":[{\"@type\":\"WebPage\",\"@id\":\"https:\/\/www.centremedicestartit.com\/fr\/declaration-daccessibilite\/\",\"url\":\"https:\/\/www.centremedicestartit.com\/fr\/declaration-daccessibilite\/\",\"name\":\"D\u00e9claration d'accessibilit\u00e9 | Centre M\u00e8dic Estartit\",\"isPartOf\":{\"@id\":\"https:\/\/www.centremedicestartit.com\/#website\"},\"datePublished\":\"2023-05-29T10:55:36+00:00\",\"breadcrumb\":{\"@id\":\"https:\/\/www.centremedicestartit.com\/fr\/declaration-daccessibilite\/#breadcrumb\"},\"inLanguage\":\"fr-FR\",\"potentialAction\":[{\"@type\":\"ReadAction\",\"target\":[\"https:\/\/www.centremedicestartit.com\/fr\/declaration-daccessibilite\/\"]}]},{\"@type\":\"BreadcrumbList\",\"@id\":\"https:\/\/www.centremedicestartit.com\/fr\/declaration-daccessibilite\/#breadcrumb\",\"itemListElement\":[{\"@type\":\"ListItem\",\"position\":1,\"name\":\"Inici\",\"item\":\"https:\/\/www.centremedicestartit.com\/fr\/maison\/\"},{\"@type\":\"ListItem\",\"position\":2,\"name\":\"D\u00e9claration d&#8217;accessibilit\u00e9\"}]},{\"@type\":\"WebSite\",\"@id\":\"https:\/\/www.centremedicestartit.com\/#website\",\"url\":\"https:\/\/www.centremedicestartit.com\/\",\"name\":\"Centre M\u00e8dic Estartit\",\"description\":\"El teu centre m\u00e8dic de confian\u00e7a a la Costa Brava\",\"alternateName\":\"Centre M\u00e8dic Estartit\",\"potentialAction\":[{\"@type\":\"SearchAction\",\"target\":{\"@type\":\"EntryPoint\",\"urlTemplate\":\"https:\/\/www.centremedicestartit.com\/?s={search_term_string}\"},\"query-input\":{\"@type\":\"PropertyValueSpecification\",\"valueRequired\":true,\"valueName\":\"search_term_string\"}}],\"inLanguage\":\"fr-FR\"}]}<\/script>\n<!-- \/ Yoast SEO plugin. -->","yoast_head_json":{"title":"D\u00e9claration d'accessibilit\u00e9 | Centre M\u00e8dic Estartit","robots":{"index":"index","follow":"follow","max-snippet":"max-snippet:-1","max-image-preview":"max-image-preview:large","max-video-preview":"max-video-preview:-1"},"canonical":"https:\/\/www.centremedicestartit.com\/fr\/declaration-daccessibilite\/","og_locale":"fr_FR","og_type":"article","og_title":"D\u00e9claration d'accessibilit\u00e9 | Centre M\u00e8dic Estartit","og_description":"D\u00e9claration d&rsquo;accessibilit\u00e9 Ferran Gil-Vernet M-G s&rsquo;engage \u00e0 rendre son site Web accessible conform\u00e9ment au d\u00e9cret royal 1112\/2018 du 7 septembre sur l&rsquo;accessibilit\u00e9 des sites Web et des applications pour appareils mobiles du secteur public. Cette d\u00e9claration d&rsquo;accessibilit\u00e9 s&rsquo;applique \u00e0 ce site Web. \u00c9tat de conformit\u00e9 Ce site est enti\u00e8rement conforme au RD 1112\/2018. Contenu non [&hellip;]","og_url":"https:\/\/www.centremedicestartit.com\/fr\/declaration-daccessibilite\/","og_site_name":"Centre M\u00e8dic Estartit","og_image":[{"width":680,"height":312,"url":"https:\/\/www.centremedicestartit.com\/wp-content\/uploads\/2023\/04\/logo-1.png","type":"image\/png"}],"twitter_card":"summary_large_image","schema":{"@context":"https:\/\/schema.org","@graph":[{"@type":"WebPage","@id":"https:\/\/www.centremedicestartit.com\/fr\/declaration-daccessibilite\/","url":"https:\/\/www.centremedicestartit.com\/fr\/declaration-daccessibilite\/","name":"D\u00e9claration d'accessibilit\u00e9 | Centre M\u00e8dic Estartit","isPartOf":{"@id":"https:\/\/www.centremedicestartit.com\/#website"},"datePublished":"2023-05-29T10:55:36+00:00","breadcrumb":{"@id":"https:\/\/www.centremedicestartit.com\/fr\/declaration-daccessibilite\/#breadcrumb"},"inLanguage":"fr-FR","potentialAction":[{"@type":"ReadAction","target":["https:\/\/www.centremedicestartit.com\/fr\/declaration-daccessibilite\/"]}]},{"@type":"BreadcrumbList","@id":"https:\/\/www.centremedicestartit.com\/fr\/declaration-daccessibilite\/#breadcrumb","itemListElement":[{"@type":"ListItem","position":1,"name":"Inici","item":"https:\/\/www.centremedicestartit.com\/fr\/maison\/"},{"@type":"ListItem","position":2,"name":"D\u00e9claration d&#8217;accessibilit\u00e9"}]},{"@type":"WebSite","@id":"https:\/\/www.centremedicestartit.com\/#website","url":"https:\/\/www.centremedicestartit.com\/","name":"Centre M\u00e8dic Estartit","description":"El teu centre m\u00e8dic de confian\u00e7a a la Costa Brava","alternateName":"Centre M\u00e8dic Estartit","potentialAction":[{"@type":"SearchAction","target":{"@type":"EntryPoint","urlTemplate":"https:\/\/www.centremedicestartit.com\/?s={search_term_string}"},"query-input":{"@type":"PropertyValueSpecification","valueRequired":true,"valueName":"search_term_string"}}],"inLanguage":"fr-FR"}]}},"_links":{"self":[{"href":"https:\/\/www.centremedicestartit.com\/fr\/wp-json\/wp\/v2\/pages\/693","targetHints":{"allow":["GET"]}}],"collection":[{"href":"https:\/\/www.centremedicestartit.com\/fr\/wp-json\/wp\/v2\/pages"}],"about":[{"href":"https:\/\/www.centremedicestartit.com\/fr\/wp-json\/wp\/v2\/types\/page"}],"author":[{"embeddable":true,"href":"https:\/\/www.centremedicestartit.com\/fr\/wp-json\/wp\/v2\/users\/3"}],"replies":[{"embeddable":true,"href":"https:\/\/www.centremedicestartit.com\/fr\/wp-json\/wp\/v2\/comments?post=693"}],"version-history":[{"count":3,"href":"https:\/\/www.centremedicestartit.com\/fr\/wp-json\/wp\/v2\/pages\/693\/revisions"}],"predecessor-version":[{"id":699,"href":"https:\/\/www.centremedicestartit.com\/fr\/wp-json\/wp\/v2\/pages\/693\/revisions\/699"}],"wp:attachment":[{"href":"https:\/\/www.centremedicestartit.com\/fr\/wp-json\/wp\/v2\/media?parent=693"}],"curies":[{"name":"wp","href":"https:\/\/api.w.org\/{rel}","templated":true}]}}